{"id":28541,"date":"2026-03-13T16:28:23","date_gmt":"2026-03-13T15:28:23","guid":{"rendered":"https:\/\/wegreenitgroup.com\/?page_id=28541"},"modified":"2026-03-13T16:29:58","modified_gmt":"2026-03-13T15:29:58","slug":"policy-whistleblowing","status":"publish","type":"page","link":"https:\/\/wegreenitgroup.com\/it\/policy-whistleblowing\/","title":{"rendered":"Policy Whistleblowing"},"content":{"rendered":"\t\t<div data-elementor-type=\"wp-page\" data-elementor-id=\"28541\" class=\"elementor elementor-28541\" data-elementor-post-type=\"page\">\n\t\t\t\t<section class=\"elementor-element elementor-element-fabfc2f e-con-full e-flex e-con e-parent\" data-id=\"fabfc2f\" data-element_type=\"container\" data-e-type=\"container\">\n\t\t<header class=\"elementor-element elementor-element-49d6634 e-flex e-con-boxed e-con e-child\" data-id=\"49d6634\" data-element_type=\"container\" data-e-type=\"container\">\n\t\t\t\t\t<div class=\"e-con-inner\">\n\t\t\t\t<div class=\"elementor-element elementor-element-292b2d3 elementor-invisible elementor-widget elementor-widget-heading\" data-id=\"292b2d3\" data-element_type=\"widget\" data-e-type=\"widget\" data-settings=\"{&quot;_animation&quot;:&quot;fadeIn&quot;,&quot;_animation_delay&quot;:200}\" data-widget_type=\"heading.default\">\n\t\t\t\t<div class=\"elementor-widget-container\">\n\t\t\t\t\t<h1 class=\"elementor-heading-title elementor-size-default\">Policy Whistleblowing<\/h1>\t\t\t\t<\/div>\n\t\t\t\t<\/div>\n\t\t\t\t<div class=\"elementor-element elementor-element-3d3bdcb elementor-absolute e-transform elementor-widget-divider--view-line elementor-invisible elementor-widget elementor-widget-divider\" data-id=\"3d3bdcb\" data-element_type=\"widget\" data-e-type=\"widget\" data-settings=\"{&quot;_position&quot;:&quot;absolute&quot;,&quot;_transform_rotateZ_effect&quot;:{&quot;unit&quot;:&quot;px&quot;,&quot;size&quot;:-4,&quot;sizes&quot;:[]},&quot;_transform_rotateZ_effect_mobile&quot;:{&quot;unit&quot;:&quot;deg&quot;,&quot;size&quot;:-12,&quot;sizes&quot;:[]},&quot;motion_fx_motion_fx_scrolling&quot;:&quot;yes&quot;,&quot;motion_fx_translateY_effect&quot;:&quot;yes&quot;,&quot;_animation&quot;:&quot;fadeInUp&quot;,&quot;motion_fx_translateY_speed&quot;:{&quot;unit&quot;:&quot;px&quot;,&quot;size&quot;:4,&quot;sizes&quot;:[]},&quot;motion_fx_translateY_affectedRange&quot;:{&quot;unit&quot;:&quot;%&quot;,&quot;size&quot;:&quot;&quot;,&quot;sizes&quot;:{&quot;start&quot;:0,&quot;end&quot;:100}},&quot;motion_fx_devices&quot;:[&quot;desktop&quot;,&quot;laptop&quot;,&quot;tablet&quot;,&quot;mobile&quot;],&quot;_transform_rotateZ_effect_laptop&quot;:{&quot;unit&quot;:&quot;deg&quot;,&quot;size&quot;:&quot;&quot;,&quot;sizes&quot;:[]},&quot;_transform_rotateZ_effect_tablet&quot;:{&quot;unit&quot;:&quot;deg&quot;,&quot;size&quot;:&quot;&quot;,&quot;sizes&quot;:[]}}\" data-widget_type=\"divider.default\">\n\t\t\t\t<div class=\"elementor-widget-container\">\n\t\t\t\t\t\t\t<div class=\"elementor-divider\">\n\t\t\t<span class=\"elementor-divider-separator\">\n\t\t\t\t\t\t<\/span>\n\t\t<\/div>\n\t\t\t\t\t\t<\/div>\n\t\t\t\t<\/div>\n\t\t\t\t\t<\/div>\n\t\t\t\t<\/header>\n\t\t\t\t<\/section>\n\t\t<div class=\"elementor-element elementor-element-20e96262 e-flex e-con-boxed e-con e-parent\" data-id=\"20e96262\" data-element_type=\"container\" data-e-type=\"container\" data-settings=\"{&quot;motion_fx_motion_fx_scrolling&quot;:&quot;yes&quot;,&quot;motion_fx_translateY_effect&quot;:&quot;yes&quot;,&quot;motion_fx_translateY_speed&quot;:{&quot;unit&quot;:&quot;px&quot;,&quot;size&quot;:4,&quot;sizes&quot;:[]},&quot;motion_fx_translateY_affectedRange&quot;:{&quot;unit&quot;:&quot;%&quot;,&quot;size&quot;:&quot;&quot;,&quot;sizes&quot;:{&quot;start&quot;:0,&quot;end&quot;:100}},&quot;motion_fx_devices&quot;:[&quot;desktop&quot;,&quot;laptop&quot;,&quot;tablet&quot;,&quot;mobile&quot;]}\">\n\t\t\t\t\t<div class=\"e-con-inner\">\n\t\t\t\t<div class=\"elementor-element elementor-element-7531532 elementor-widget elementor-widget-text-editor\" data-id=\"7531532\" data-element_type=\"widget\" data-e-type=\"widget\" data-widget_type=\"text-editor.default\">\n\t\t\t\t<div class=\"elementor-widget-container\">\n\t\t\t\t\t\t\t\t\t<h3><b>PROCEDURA PER LA SEGNALAZIONE DI VIOLAZIONI (WHISTLEBLOWING)<\/b><\/h3><h4><b>1. Oggetto e Scopo<\/b><\/h4><p><span style=\"font-weight: 400;\">La presente procedura (di seguito, &#8220;Policy&#8221;) viene redatta al fine di promuovere una cultura interna caratterizzata da comportamenti corretti, improntati alla legalit\u00e0 e ad un sistema di trasparenza ed accountability organizzativo e nel rispetto di quanto previsto dal D. Lgs. 24\/2023, attuativo della Direttiva UE 2019\/1937. La Policy disciplina il processo di segnalazione di violazioni di disposizioni normative nazionali o dell&#8217;Unione Europea che ledono l&#8217;interesse pubblico o l&#8217;integrit\u00e0 dell&#8217;amministrazione pubblica o dell&#8217;ente privato, di cui il segnalante sia venuto a conoscenza in un contesto lavorativo.<\/span><\/p><p><span style=\"font-weight: 400;\">Lo scopo di questa Policy \u00e8 fornire canali di segnalazione chiari e sicuri, in attuazione della Direttiva (UE) 2019\/1937 e del Decreto Legislativo 10 marzo 2023, n. 24, al fine di incentivare la diffusione di una cultura della legalit\u00e0 e garantire la massima tutela alle persone che segnalano illeciti (c.d. &#8220;whistleblower&#8221;) contro ogni possibile forma di ritorsione.<\/span><\/p><h4><b>2. Ambito di Applicazione<\/b><\/h4><p><b>2.1. Ambito Soggettivo (Chi pu\u00f2 segnalare)<\/b><span style=\"font-weight: 400;\"> Possono effettuare una segnalazione ai sensi della presente Policy i seguenti soggetti:<\/span><\/p><ul><li style=\"font-weight: 400;\" aria-level=\"1\"><span style=\"font-weight: 400;\">Dipendenti e lavoratori subordinati.<\/span><\/li><li style=\"font-weight: 400;\" aria-level=\"1\"><span style=\"font-weight: 400;\">Lavoratori autonomi, collaboratori, liberi professionisti e consulenti che prestano la propria opera presso la societ\u00e0.<\/span><\/li><li style=\"font-weight: 400;\" aria-level=\"1\"><span style=\"font-weight: 400;\">Volontari e tirocinanti, retribuiti e non.<\/span><\/li><li style=\"font-weight: 400;\" aria-level=\"1\"><span style=\"font-weight: 400;\">Azionisti e persone con funzioni di amministrazione, direzione, controllo, vigilanza o rappresentanza.<\/span><\/li><\/ul><p><span style=\"font-weight: 400;\">La tutela si applica anche quando il rapporto giuridico non \u00e8 ancora iniziato (se le informazioni sulle violazioni sono state acquisite durante il processo di selezione o in altre fasi precontrattuali), durante il periodo di prova, e dopo lo scioglimento del rapporto giuridico.<\/span><\/p><p><b>2.2. Ambito Oggettivo (Cosa si pu\u00f2 segnalare)<\/b><span style=\"font-weight: 400;\"> Possono essere oggetto di segnalazione atti o fatti che possano costituire violazioni di normative nazionali o europee, nonch\u00e9 illeciti amministrativi, contabili, civili o penali. Rientrano nell&#8217;ambito oggettivo, a titolo esemplificativo, le violazioni relative a:<\/span><\/p><ul><li style=\"font-weight: 400;\" aria-level=\"1\"><span style=\"font-weight: 400;\">Appalti pubblici.<\/span><\/li><li style=\"font-weight: 400;\" aria-level=\"1\"><span style=\"font-weight: 400;\">Servizi, prodotti e mercati finanziari e prevenzione del riciclaggio e del finanziamento del terrorismo.<\/span><\/li><li style=\"font-weight: 400;\" aria-level=\"1\"><span style=\"font-weight: 400;\">Sicurezza e conformit\u00e0 dei prodotti.<\/span><\/li><li style=\"font-weight: 400;\" aria-level=\"1\"><span style=\"font-weight: 400;\">Sicurezza dei trasporti.<\/span><\/li><li style=\"font-weight: 400;\" aria-level=\"1\"><span style=\"font-weight: 400;\">Tutela dell\u2019ambiente.<\/span><\/li><li style=\"font-weight: 400;\" aria-level=\"1\"><span style=\"font-weight: 400;\">Salute pubblica.<\/span><\/li><li style=\"font-weight: 400;\" aria-level=\"1\"><span style=\"font-weight: 400;\">Protezione dei consumatori.<\/span><\/li><li style=\"font-weight: 400;\" aria-level=\"1\"><span style=\"font-weight: 400;\">Tutela della vita privata e protezione dei dati personali e sicurezza delle reti e dei sistemi informativi.<\/span><\/li><\/ul><p><span style=\"font-weight: 400;\">Per effettuare la segnalazione non \u00e8 necessario che il segnalante disponga di prove della violazione; tuttavia, la segnalazione deve essere basata su elementi di fatto e informazioni sufficientemente circostanziate.<\/span><\/p><h4><b>3. Canali e Modalit\u00e0 di Segnalazione Interna<\/b><\/h4><p><span style=\"font-weight: 400;\">La societ\u00e0 ha attivato un canale di segnalazione interno che garantisce la riservatezza dell&#8217;identit\u00e0 del segnalante, della persona coinvolta, di eventuali terzi menzionati, nonch\u00e9 del contenuto della segnalazione e della relativa documentazione.<\/span><\/p><p><span style=\"font-weight: 400;\">Il canale di segnalazione \u00e8 strutturato per essere specifico, autonomo e indipendente dalle ordinarie linee di reporting gerarchico. Le segnalazioni possono essere effettuate nelle seguenti forme:<\/span><\/p><ul><li style=\"font-weight: 400;\" aria-level=\"1\"><b>Scritta:<\/b><span style=\"font-weight: 400;\"> tramite una piattaforma informatica dedicata.<\/span><\/li><\/ul><p><span style=\"font-weight: 400;\">Le informazioni dettagliate sulle modalit\u00e0 di accesso ai canali sono rese facilmente visibili nei luoghi di lavoro e pubblicate in un&#8217;apposita sezione del sito internet aziendale\/istituzionale.<\/span><\/p><h4><b>4. Gestione della Segnalazione<\/b><\/h4><p><span style=\"font-weight: 400;\">La gestione del canale di segnalazione \u00e8 affidata a un soggetto specificamente individuato, dotato di personale formato per la gestione delle segnalazioni (di seguito, il &#8220;Gestore&#8221;).\u00a0<\/span><\/p><p><span style=\"font-weight: 400;\">Il procedimento di gestione della segnalazione si articola nelle seguenti fasi:<\/span><\/p><ol><li style=\"font-weight: 400;\" aria-level=\"1\"><b>Avviso di ricevimento:<\/b><span style=\"font-weight: 400;\"> Il Gestore rilascia al segnalante un avviso di ricevimento della segnalazione entro 7 giorni dalla sua ricezione.<\/span><\/li><li style=\"font-weight: 400;\" aria-level=\"1\"><b>Interlocuzione:<\/b><span style=\"font-weight: 400;\"> Il Gestore mantiene un&#8217;interlocuzione con il segnalante, potendo richiedere, se necessario, integrazioni alla segnalazione.<\/span><\/li><li style=\"font-weight: 400;\" aria-level=\"1\"><b>Istruttoria:<\/b><span style=\"font-weight: 400;\"> Il Gestore d\u00e0 diligente seguito alla segnalazione, avviando un&#8217;istruttoria interna per verificare la fondatezza dei fatti segnalati.<\/span><\/li><li style=\"font-weight: 400;\" aria-level=\"1\"><b>Riscontro:<\/b><span style=\"font-weight: 400;\"> Il Gestore fornisce un riscontro al segnalante entro 3 mesi dalla data dell&#8217;avviso di ricevimento (o, in assenza di avviso, dalla scadenza del termine di 7 giorni dalla presentazione).<\/span><\/li><\/ol><p><span style=\"font-weight: 400;\">Al momento della segnalazione, il segnalante \u00e8 tenuto a dichiarare se ha un interesse privato collegato alla segnalazione stessa.<\/span><\/p><h4><b>5. Tutela della Riservatezza<\/b><\/h4><p><span style=\"font-weight: 400;\">L&#8217;identit\u00e0 della persona segnalante e qualsiasi altra informazione da cui possa evincersi, direttamente o indirettamente, tale identit\u00e0, non possono essere rivelate senza l&#8217;espresso consenso del segnalante. L&#8217;accesso a tali informazioni \u00e8 consentito esclusivamente al personale autorizzato e competente a ricevere o a dare seguito alle segnalazioni.<\/span><\/p><p><span style=\"font-weight: 400;\">La tutela della riservatezza si estende anche all&#8217;identit\u00e0 delle persone coinvolte o menzionate nella segnalazione, fino alla conclusione dei procedimenti avviati.<\/span><\/p><p><span style=\"font-weight: 400;\">La rivelazione dell&#8217;identit\u00e0 del segnalante \u00e8 possibile solo in casi eccezionali e normativamente previsti:<\/span><\/p><ul><li style=\"font-weight: 400;\" aria-level=\"1\"><b>Procedimento disciplinare:<\/b><span style=\"font-weight: 400;\"> Qualora la contestazione sia fondata, in tutto o in parte, sulla segnalazione e la conoscenza dell&#8217;identit\u00e0 del segnalante sia indispensabile per la difesa dell&#8217;incolpato, la segnalazione sar\u00e0 utilizzabile solo previo consenso espresso del segnalante alla rivelazione. Il segnalante ricever\u00e0 una comunicazione scritta che motiva tale necessit\u00e0.<\/span><\/li><li style=\"font-weight: 400;\" aria-level=\"1\"><b>Procedimento penale:<\/b><span style=\"font-weight: 400;\"> L&#8217;identit\u00e0 \u00e8 coperta dal segreto nei modi e nei limiti previsti dall&#8217;art. 329 c.p.p..<\/span><\/li><li style=\"font-weight: 400;\" aria-level=\"1\"><b>Procedimento dinanzi alla Corte dei Conti:<\/b><span style=\"font-weight: 400;\"> L&#8217;identit\u00e0 non pu\u00f2 essere rivelata fino alla chiusura della fase istruttoria.<\/span><\/li><\/ul><p><span style=\"font-weight: 400;\">La segnalazione \u00e8 sottratta al diritto di accesso agli atti amministrativi (L. 241\/1990) e all&#8217;accesso civico (D.Lgs. 33\/2013).<\/span><\/p><h4><b>6. Divieto di Ritorsione<\/b><\/h4><p><span style=\"font-weight: 400;\">\u00c8 fatto assoluto divieto di porre in essere qualsiasi atto di ritorsione o discriminatorio, diretto o indiretto, nei confronti del segnalante per motivi collegati, direttamente o indirettamente, alla segnalazione. Il licenziamento ritorsivo o discriminatorio \u00e8 nullo.<\/span><\/p><p><span style=\"font-weight: 400;\">Costituiscono ritorsione, tra gli altri, i seguenti comportamenti:<\/span><\/p><ul><li style=\"font-weight: 400;\" aria-level=\"1\"><span style=\"font-weight: 400;\">Il licenziamento, la sospensione o misure equivalenti.<\/span><\/li><li style=\"font-weight: 400;\" aria-level=\"1\"><span style=\"font-weight: 400;\">La retrocessione di grado o la mancata promozione.<\/span><\/li><li style=\"font-weight: 400;\" aria-level=\"1\"><span style=\"font-weight: 400;\">Il mutamento di funzioni, il cambiamento del luogo di lavoro, la riduzione dello stipendio.<\/span><\/li><li style=\"font-weight: 400;\" aria-level=\"1\"><span style=\"font-weight: 400;\">L&#8217;imposizione di una misura disciplinare o di altra sanzione.<\/span><\/li><li style=\"font-weight: 400;\" aria-level=\"1\"><span style=\"font-weight: 400;\">Il mancato rinnovo o la risoluzione anticipata di un contratto di lavoro a termine.<\/span><\/li><\/ul><p><span style=\"font-weight: 400;\">Fuori dai casi di responsabilit\u00e0 a titolo di calunnia o diffamazione, la presentazione di una segnalazione non costituisce violazione degli obblighi derivanti dal rapporto di lavoro.<\/span><\/p><h4><b>7. Tutela della Persona Segnalata<\/b><\/h4><p><span style=\"font-weight: 400;\">Anche la persona segnalata \u00e8 tutelata durante l&#8217;intero processo. La sua identit\u00e0 \u00e8 protetta con le medesime garanzie previste per il segnalante. Nel caso in cui dall&#8217;istruttoria non emergano elementi che giustifichino l&#8217;adozione di provvedimenti, la persona segnalata \u00e8 tutelata da ripercussioni negative derivanti dalla segnalazione. Viene garantito il diritto di difesa e di contraddittorio, in bilanciamento con l&#8217;esigenza di riservatezza del segnalante.<\/span><\/p><h4><b>8. Trattamento dei Dati Personali e Conservazione<\/b><\/h4><p><span style=\"font-weight: 400;\">Ogni trattamento di dati personali effettuato nell&#8217;ambito della presente procedura avviene nel pieno rispetto del Regolamento (UE) 2016\/679 (GDPR) e della normativa nazionale in materia. La societ\u00e0, in qualit\u00e0 di Titolare del trattamento, adotta misure tecniche e organizzative adeguate a garantire la sicurezza dei dati.<\/span><\/p><p><span style=\"font-weight: 400;\">I dati personali manifestamente non utili al trattamento di una specifica segnalazione non vengono raccolti o, se raccolti accidentalmente, sono immediatamente cancellati.<\/span><\/p><p><span style=\"font-weight: 400;\">Le segnalazioni e la relativa documentazione sono conservate per il tempo necessario al trattamento della segnalazione e comunque non oltre 5 anni a decorrere dalla data della comunicazione dell&#8217;esito finale della procedura di segnalazione. Gli atti e i documenti relativi a eventuali procedimenti (disciplinari, giudiziari, ecc.) avviati a seguito della segnalazione saranno conservati secondo i termini di legge specifici per tali procedimenti.<\/span><\/p>\t\t\t\t\t\t\t\t<\/div>\n\t\t\t\t<\/div>\n\t\t\t\t\t<\/div>\n\t\t\t\t<\/div>\n\t\t<div class=\"elementor-element elementor-element-2773d0a3 e-flex e-con-boxed e-con e-parent\" data-id=\"2773d0a3\" data-element_type=\"container\" data-e-type=\"container\" data-settings=\"{&quot;background_background&quot;:&quot;classic&quot;}\">\n\t\t\t\t\t<div class=\"e-con-inner\">\n\t\t<div class=\"elementor-element elementor-element-532b8fff e-con-full e-flex e-con e-child\" data-id=\"532b8fff\" data-element_type=\"container\" data-e-type=\"container\">\n\t\t\t\t<div class=\"elementor-element elementor-element-4ad4fe08 animated-slow elementor-invisible elementor-widget elementor-widget-heading\" data-id=\"4ad4fe08\" data-element_type=\"widget\" data-e-type=\"widget\" data-settings=\"{&quot;_animation&quot;:&quot;fadeIn&quot;,&quot;_animation_delay&quot;:300}\" data-widget_type=\"heading.default\">\n\t\t\t\t<div class=\"elementor-widget-container\">\n\t\t\t\t\t<h2 class=\"elementor-heading-title elementor-size-default\">Contattaci<\/h2>\t\t\t\t<\/div>\n\t\t\t\t<\/div>\n\t\t\t\t<div class=\"elementor-element elementor-element-344c3f72 animated-slow elementor-invisible elementor-widget elementor-widget-text-editor\" data-id=\"344c3f72\" data-element_type=\"widget\" data-e-type=\"widget\" data-settings=\"{&quot;_animation&quot;:&quot;fadeIn&quot;,&quot;_animation_delay&quot;:600}\" data-widget_type=\"text-editor.default\">\n\t\t\t\t<div class=\"elementor-widget-container\">\n\t\t\t\t\t\t\t\t\t<div class=\"wpb_text_column wpb_content_element \"><div class=\"wpb_wrapper\"><p>Puoi contattare gli uffici di\u00a0<strong>Wegreenit<\/strong> utilizzando i recapiti che trovi nella pagina contattaci.<\/p><\/div><\/div>\t\t\t\t\t\t\t\t<\/div>\n\t\t\t\t<\/div>\n\t\t\t\t<div class=\"elementor-element elementor-element-64f04380 animated-slow elementor-invisible elementor-widget elementor-widget-button\" data-id=\"64f04380\" data-element_type=\"widget\" data-e-type=\"widget\" data-settings=\"{&quot;_animation&quot;:&quot;fadeIn&quot;,&quot;_animation_delay&quot;:900}\" data-widget_type=\"button.default\">\n\t\t\t\t<div class=\"elementor-widget-container\">\n\t\t\t\t\t\t\t\t\t<div class=\"elementor-button-wrapper\">\n\t\t\t\t\t<a class=\"elementor-button elementor-button-link elementor-size-sm\" href=\"https:\/\/wegreenitgroup.com\/contattaci\/\">\n\t\t\t\t\t\t<span class=\"elementor-button-content-wrapper\">\n\t\t\t\t\t\t<span class=\"elementor-button-icon\">\n\t\t\t\t<svg xmlns=\"http:\/\/www.w3.org\/2000\/svg\" width=\"15\" height=\"14\" viewBox=\"0 0 15 14\" fill=\"none\"><path d=\"M0 6.89478L14 6.89478\" stroke=\"white\"><\/path><path d=\"M8.10526 1L14 6.89474L8.10526 12.7895\" stroke=\"white\"><\/path><\/svg>\t\t\t<\/span>\n\t\t\t\t\t\t\t\t\t<span class=\"elementor-button-text\">scopri<\/span>\n\t\t\t\t\t<\/span>\n\t\t\t\t\t<\/a>\n\t\t\t\t<\/div>\n\t\t\t\t\t\t\t\t<\/div>\n\t\t\t\t<\/div>\n\t\t\t\t<\/div>\n\t\t<div class=\"elementor-element elementor-element-2657e278 e-con-full e-flex e-con e-child\" data-id=\"2657e278\" data-element_type=\"container\" data-e-type=\"container\">\n\t\t\t\t<\/div>\n\t\t\t\t\t<\/div>\n\t\t\t\t<\/div>\n\t\t\t\t<\/div>\n\t\t","protected":false},"excerpt":{"rendered":"<p>PROCEDURA PER LA SEGNALAZIONE DI VIOLAZIONI (WHISTLEBLOWING) 1. Oggetto e Scopo La presente procedura (di seguito, &#8220;Policy&#8221;) viene redatta al fine di promuovere una cultura interna caratterizzata da comportamenti corretti, improntati alla legalit\u00e0 e ad un sistema di trasparenza ed accountability organizzativo e nel rispetto di quanto previsto dal D. Lgs. 24\/2023, attuativo della Direttiva [&hellip;]<\/p>\n","protected":false},"author":1,"featured_media":0,"parent":0,"menu_order":0,"comment_status":"closed","ping_status":"closed","template":"","meta":{"_acf_changed":false,"footnotes":""},"class_list":["post-28541","page","type-page","status-publish","hentry"],"acf":[],"_links":{"self":[{"href":"https:\/\/wegreenitgroup.com\/it\/wp-json\/wp\/v2\/pages\/28541","targetHints":{"allow":["GET"]}}],"collection":[{"href":"https:\/\/wegreenitgroup.com\/it\/wp-json\/wp\/v2\/pages"}],"about":[{"href":"https:\/\/wegreenitgroup.com\/it\/wp-json\/wp\/v2\/types\/page"}],"author":[{"embeddable":true,"href":"https:\/\/wegreenitgroup.com\/it\/wp-json\/wp\/v2\/users\/1"}],"replies":[{"embeddable":true,"href":"https:\/\/wegreenitgroup.com\/it\/wp-json\/wp\/v2\/comments?post=28541"}],"version-history":[{"count":4,"href":"https:\/\/wegreenitgroup.com\/it\/wp-json\/wp\/v2\/pages\/28541\/revisions"}],"predecessor-version":[{"id":28545,"href":"https:\/\/wegreenitgroup.com\/it\/wp-json\/wp\/v2\/pages\/28541\/revisions\/28545"}],"wp:attachment":[{"href":"https:\/\/wegreenitgroup.com\/it\/wp-json\/wp\/v2\/media?parent=28541"}],"curies":[{"name":"wp","href":"https:\/\/api.w.org\/{rel}","templated":true}]}}