{"id":28464,"date":"2026-03-02T22:07:52","date_gmt":"2026-03-02T21:07:52","guid":{"rendered":"https:\/\/wegreenitgroup.com\/?page_id=28464"},"modified":"2026-03-13T16:31:48","modified_gmt":"2026-03-13T15:31:48","slug":"whistleblowing","status":"publish","type":"page","link":"https:\/\/wegreenitgroup.com\/it\/whistleblowing\/","title":{"rendered":"Whistleblowing"},"content":{"rendered":"\t\t<div data-elementor-type=\"wp-page\" data-elementor-id=\"28464\" class=\"elementor elementor-28464\" data-elementor-post-type=\"page\">\n\t\t\t\t<section class=\"elementor-element elementor-element-fabfc2f e-con-full e-flex e-con e-parent\" data-id=\"fabfc2f\" data-element_type=\"container\" data-e-type=\"container\">\n\t\t<header class=\"elementor-element elementor-element-49d6634 e-flex e-con-boxed e-con e-child\" data-id=\"49d6634\" data-element_type=\"container\" data-e-type=\"container\">\n\t\t\t\t\t<div class=\"e-con-inner\">\n\t\t\t\t<div class=\"elementor-element elementor-element-292b2d3 elementor-invisible elementor-widget elementor-widget-heading\" data-id=\"292b2d3\" data-element_type=\"widget\" data-e-type=\"widget\" data-settings=\"{&quot;_animation&quot;:&quot;fadeIn&quot;,&quot;_animation_delay&quot;:200}\" data-widget_type=\"heading.default\">\n\t\t\t\t<div class=\"elementor-widget-container\">\n\t\t\t\t\t<h1 class=\"elementor-heading-title elementor-size-default\">Whistleblowing<\/h1>\t\t\t\t<\/div>\n\t\t\t\t<\/div>\n\t\t\t\t<div class=\"elementor-element elementor-element-3d3bdcb elementor-absolute e-transform elementor-widget-divider--view-line elementor-invisible elementor-widget elementor-widget-divider\" data-id=\"3d3bdcb\" data-element_type=\"widget\" data-e-type=\"widget\" data-settings=\"{&quot;_position&quot;:&quot;absolute&quot;,&quot;_transform_rotateZ_effect&quot;:{&quot;unit&quot;:&quot;px&quot;,&quot;size&quot;:-4,&quot;sizes&quot;:[]},&quot;_transform_rotateZ_effect_mobile&quot;:{&quot;unit&quot;:&quot;deg&quot;,&quot;size&quot;:-12,&quot;sizes&quot;:[]},&quot;motion_fx_motion_fx_scrolling&quot;:&quot;yes&quot;,&quot;motion_fx_translateY_effect&quot;:&quot;yes&quot;,&quot;_animation&quot;:&quot;fadeInUp&quot;,&quot;motion_fx_translateY_speed&quot;:{&quot;unit&quot;:&quot;px&quot;,&quot;size&quot;:4,&quot;sizes&quot;:[]},&quot;motion_fx_translateY_affectedRange&quot;:{&quot;unit&quot;:&quot;%&quot;,&quot;size&quot;:&quot;&quot;,&quot;sizes&quot;:{&quot;start&quot;:0,&quot;end&quot;:100}},&quot;motion_fx_devices&quot;:[&quot;desktop&quot;,&quot;laptop&quot;,&quot;tablet&quot;,&quot;mobile&quot;],&quot;_transform_rotateZ_effect_laptop&quot;:{&quot;unit&quot;:&quot;deg&quot;,&quot;size&quot;:&quot;&quot;,&quot;sizes&quot;:[]},&quot;_transform_rotateZ_effect_tablet&quot;:{&quot;unit&quot;:&quot;deg&quot;,&quot;size&quot;:&quot;&quot;,&quot;sizes&quot;:[]}}\" data-widget_type=\"divider.default\">\n\t\t\t\t<div class=\"elementor-widget-container\">\n\t\t\t\t\t\t\t<div class=\"elementor-divider\">\n\t\t\t<span class=\"elementor-divider-separator\">\n\t\t\t\t\t\t<\/span>\n\t\t<\/div>\n\t\t\t\t\t\t<\/div>\n\t\t\t\t<\/div>\n\t\t\t\t\t<\/div>\n\t\t\t\t<\/header>\n\t\t\t\t<\/section>\n\t\t<div class=\"elementor-element elementor-element-20e96262 e-flex e-con-boxed e-con e-parent\" data-id=\"20e96262\" data-element_type=\"container\" data-e-type=\"container\" data-settings=\"{&quot;motion_fx_motion_fx_scrolling&quot;:&quot;yes&quot;,&quot;motion_fx_translateY_effect&quot;:&quot;yes&quot;,&quot;motion_fx_translateY_speed&quot;:{&quot;unit&quot;:&quot;px&quot;,&quot;size&quot;:4,&quot;sizes&quot;:[]},&quot;motion_fx_translateY_affectedRange&quot;:{&quot;unit&quot;:&quot;%&quot;,&quot;size&quot;:&quot;&quot;,&quot;sizes&quot;:{&quot;start&quot;:0,&quot;end&quot;:100}},&quot;motion_fx_devices&quot;:[&quot;desktop&quot;,&quot;laptop&quot;,&quot;tablet&quot;,&quot;mobile&quot;]}\">\n\t\t\t\t\t<div class=\"e-con-inner\">\n\t\t\t\t<div class=\"elementor-element elementor-element-7531532 elementor-widget elementor-widget-text-editor\" data-id=\"7531532\" data-element_type=\"widget\" data-e-type=\"widget\" data-widget_type=\"text-editor.default\">\n\t\t\t\t<div class=\"elementor-widget-container\">\n\t\t\t\t\t\t\t\t\t<p><span style=\"font-weight: 400;\">Wegreenit fonda la propria attivit\u00e0 su principi di integrit\u00e0, trasparenza e responsabilit\u00e0, impegnandosi a presidiare con attenzione tutti i rischi che potrebbero incidere negativamente su una gestione corretta e sostenibile del business. Il rispetto delle regole e dei valori etici rappresenta non solo un obbligo, ma anche un presupposto essenziale per una crescita solida e duratura.<\/span><\/p><p><span style=\"font-weight: 400;\">In tale prospettiva, Wegreenit ha adottato un approccio rigoroso volto a prevenire e contrastare ogni comportamento non conforme al quadro normativo e ai principi di correttezza, lealt\u00e0 e onest\u00e0 che devono caratterizzare ogni relazione, interna ed esterna. Questo impegno si traduce in una politica di totale fermezza nei confronti di qualsiasi forma di corruzione, espressamente richiamata nel Codice Etico e nel Modello di Organizzazione, Gestione e Controllo adottato ai sensi del D.lgs. 231\/01 sin dal 31 marzo 2008.<\/span><\/p><p><span style=\"font-weight: 400;\">A supporto di tale sistema di prevenzione, \u00e8 stato implementato un portale digitale dedicato alle segnalazioni, attraverso il quale tutti gli stakeholder possono comunicare eventuali sospetti di illeciti, anomalie operative o violazioni di norme e procedure aziendali.<\/span><\/p><p><span style=\"font-weight: 400;\">La piattaforma consente l\u2019invio delle segnalazioni in forma completamente anonima, senza obbligo di registrazione.\u00a0<\/span><\/p><p><span style=\"font-weight: 400;\">Il trattamento dei dati personali avviene in conformit\u00e0 alla normativa vigente, incluso il Regolamento UE 2016\/679 (GDPR) e ogni altra disposizione applicabile in Italia, assicurando la tutela dei diritti fondamentali degli interessati, con particolare attenzione alla protezione dell\u2019identit\u00e0 e alla sicurezza delle informazioni.<\/span><\/p>\t\t\t\t\t\t\t\t<\/div>\n\t\t\t\t<\/div>\n\t\t\t\t<div class=\"elementor-element elementor-element-5733552 animated-slow elementor-invisible elementor-widget elementor-widget-button\" data-id=\"5733552\" data-element_type=\"widget\" data-e-type=\"widget\" data-settings=\"{&quot;_animation&quot;:&quot;fadeIn&quot;,&quot;_animation_delay&quot;:300}\" data-widget_type=\"button.default\">\n\t\t\t\t<div class=\"elementor-widget-container\">\n\t\t\t\t\t\t\t\t\t<div class=\"elementor-button-wrapper\">\n\t\t\t\t\t<a class=\"elementor-button elementor-button-link elementor-size-sm\" href=\"https:\/\/wegreenitgroup.segnalasicuro.org\/\" target=\"_blank\" rel=\"noopener\">\n\t\t\t\t\t\t<span class=\"elementor-button-content-wrapper\">\n\t\t\t\t\t\t<span class=\"elementor-button-icon\">\n\t\t\t\t<svg xmlns=\"http:\/\/www.w3.org\/2000\/svg\" width=\"15\" height=\"14\" viewBox=\"0 0 15 14\" fill=\"none\"><path d=\"M0 6.89478L14 6.89478\" stroke=\"#212121\"><\/path><path d=\"M8.10526 1L14 6.89474L8.10526 12.7895\" stroke=\"#212121\"><\/path><\/svg>\t\t\t<\/span>\n\t\t\t\t\t\t\t\t\t<span class=\"elementor-button-text\">segnala un illecito<\/span>\n\t\t\t\t\t<\/span>\n\t\t\t\t\t<\/a>\n\t\t\t\t<\/div>\n\t\t\t\t\t\t\t\t<\/div>\n\t\t\t\t<\/div>\n\t\t\t\t<div class=\"elementor-element elementor-element-349cbeb animated-slow elementor-invisible elementor-widget elementor-widget-button\" data-id=\"349cbeb\" data-element_type=\"widget\" data-e-type=\"widget\" data-settings=\"{&quot;_animation&quot;:&quot;fadeIn&quot;,&quot;_animation_delay&quot;:300}\" data-widget_type=\"button.default\">\n\t\t\t\t<div class=\"elementor-widget-container\">\n\t\t\t\t\t\t\t\t\t<div class=\"elementor-button-wrapper\">\n\t\t\t\t\t<a class=\"elementor-button elementor-button-link elementor-size-sm\" href=\"https:\/\/wegreenitgroup.com\/it\/policy-whistleblowing\/\" target=\"_blank\">\n\t\t\t\t\t\t<span class=\"elementor-button-content-wrapper\">\n\t\t\t\t\t\t<span class=\"elementor-button-icon\">\n\t\t\t\t<svg xmlns=\"http:\/\/www.w3.org\/2000\/svg\" width=\"15\" height=\"14\" viewBox=\"0 0 15 14\" fill=\"none\"><path d=\"M0 6.89478L14 6.89478\" stroke=\"#212121\"><\/path><path d=\"M8.10526 1L14 6.89474L8.10526 12.7895\" stroke=\"#212121\"><\/path><\/svg>\t\t\t<\/span>\n\t\t\t\t\t\t\t\t\t<span class=\"elementor-button-text\">privacy policy whistleblowing<\/span>\n\t\t\t\t\t<\/span>\n\t\t\t\t\t<\/a>\n\t\t\t\t<\/div>\n\t\t\t\t\t\t\t\t<\/div>\n\t\t\t\t<\/div>\n\t\t\t\t\t<\/div>\n\t\t\t\t<\/div>\n\t\t<div class=\"elementor-element elementor-element-2773d0a3 e-flex e-con-boxed e-con e-parent\" data-id=\"2773d0a3\" data-element_type=\"container\" data-e-type=\"container\" data-settings=\"{&quot;background_background&quot;:&quot;classic&quot;}\">\n\t\t\t\t\t<div class=\"e-con-inner\">\n\t\t<div class=\"elementor-element elementor-element-532b8fff e-con-full e-flex e-con e-child\" data-id=\"532b8fff\" data-element_type=\"container\" data-e-type=\"container\">\n\t\t\t\t<div class=\"elementor-element elementor-element-4ad4fe08 animated-slow elementor-invisible elementor-widget elementor-widget-heading\" data-id=\"4ad4fe08\" data-element_type=\"widget\" data-e-type=\"widget\" data-settings=\"{&quot;_animation&quot;:&quot;fadeIn&quot;,&quot;_animation_delay&quot;:300}\" data-widget_type=\"heading.default\">\n\t\t\t\t<div class=\"elementor-widget-container\">\n\t\t\t\t\t<h2 class=\"elementor-heading-title elementor-size-default\">Contattaci<\/h2>\t\t\t\t<\/div>\n\t\t\t\t<\/div>\n\t\t\t\t<div class=\"elementor-element elementor-element-344c3f72 animated-slow elementor-invisible elementor-widget elementor-widget-text-editor\" data-id=\"344c3f72\" data-element_type=\"widget\" data-e-type=\"widget\" data-settings=\"{&quot;_animation&quot;:&quot;fadeIn&quot;,&quot;_animation_delay&quot;:600}\" data-widget_type=\"text-editor.default\">\n\t\t\t\t<div class=\"elementor-widget-container\">\n\t\t\t\t\t\t\t\t\t<div class=\"wpb_text_column wpb_content_element \"><div class=\"wpb_wrapper\"><p>Puoi contattare gli uffici di\u00a0<strong>Wegreenit<\/strong> utilizzando i recapiti che trovi nella pagina contattaci.<\/p><\/div><\/div>\t\t\t\t\t\t\t\t<\/div>\n\t\t\t\t<\/div>\n\t\t\t\t<div class=\"elementor-element elementor-element-64f04380 animated-slow elementor-invisible elementor-widget elementor-widget-button\" data-id=\"64f04380\" data-element_type=\"widget\" data-e-type=\"widget\" data-settings=\"{&quot;_animation&quot;:&quot;fadeIn&quot;,&quot;_animation_delay&quot;:900}\" data-widget_type=\"button.default\">\n\t\t\t\t<div class=\"elementor-widget-container\">\n\t\t\t\t\t\t\t\t\t<div class=\"elementor-button-wrapper\">\n\t\t\t\t\t<a class=\"elementor-button elementor-button-link elementor-size-sm\" href=\"https:\/\/wegreenitgroup.com\/contattaci\/\">\n\t\t\t\t\t\t<span class=\"elementor-button-content-wrapper\">\n\t\t\t\t\t\t<span class=\"elementor-button-icon\">\n\t\t\t\t<svg xmlns=\"http:\/\/www.w3.org\/2000\/svg\" width=\"15\" height=\"14\" viewBox=\"0 0 15 14\" fill=\"none\"><path d=\"M0 6.89478L14 6.89478\" stroke=\"white\"><\/path><path d=\"M8.10526 1L14 6.89474L8.10526 12.7895\" stroke=\"white\"><\/path><\/svg>\t\t\t<\/span>\n\t\t\t\t\t\t\t\t\t<span class=\"elementor-button-text\">scopri<\/span>\n\t\t\t\t\t<\/span>\n\t\t\t\t\t<\/a>\n\t\t\t\t<\/div>\n\t\t\t\t\t\t\t\t<\/div>\n\t\t\t\t<\/div>\n\t\t\t\t<\/div>\n\t\t<div class=\"elementor-element elementor-element-2657e278 e-con-full e-flex e-con e-child\" data-id=\"2657e278\" data-element_type=\"container\" data-e-type=\"container\">\n\t\t\t\t<\/div>\n\t\t\t\t\t<\/div>\n\t\t\t\t<\/div>\n\t\t\t\t<\/div>\n\t\t","protected":false},"excerpt":{"rendered":"<p>Wegreenit fonda la propria attivit\u00e0 su principi di integrit\u00e0, trasparenza e responsabilit\u00e0, impegnandosi a presidiare con attenzione tutti i rischi che potrebbero incidere negativamente su una gestione corretta e sostenibile del business. Il rispetto delle regole e dei valori etici rappresenta non solo un obbligo, ma anche un presupposto essenziale per una crescita solida e [&hellip;]<\/p>\n","protected":false},"author":1,"featured_media":0,"parent":0,"menu_order":0,"comment_status":"closed","ping_status":"closed","template":"","meta":{"_acf_changed":false,"footnotes":""},"class_list":["post-28464","page","type-page","status-publish","hentry"],"acf":[],"_links":{"self":[{"href":"https:\/\/wegreenitgroup.com\/it\/wp-json\/wp\/v2\/pages\/28464","targetHints":{"allow":["GET"]}}],"collection":[{"href":"https:\/\/wegreenitgroup.com\/it\/wp-json\/wp\/v2\/pages"}],"about":[{"href":"https:\/\/wegreenitgroup.com\/it\/wp-json\/wp\/v2\/types\/page"}],"author":[{"embeddable":true,"href":"https:\/\/wegreenitgroup.com\/it\/wp-json\/wp\/v2\/users\/1"}],"replies":[{"embeddable":true,"href":"https:\/\/wegreenitgroup.com\/it\/wp-json\/wp\/v2\/comments?post=28464"}],"version-history":[{"count":10,"href":"https:\/\/wegreenitgroup.com\/it\/wp-json\/wp\/v2\/pages\/28464\/revisions"}],"predecessor-version":[{"id":28548,"href":"https:\/\/wegreenitgroup.com\/it\/wp-json\/wp\/v2\/pages\/28464\/revisions\/28548"}],"wp:attachment":[{"href":"https:\/\/wegreenitgroup.com\/it\/wp-json\/wp\/v2\/media?parent=28464"}],"curies":[{"name":"wp","href":"https:\/\/api.w.org\/{rel}","templated":true}]}}