{"id":18304,"date":"2024-11-29T00:09:48","date_gmt":"2024-11-28T23:09:48","guid":{"rendered":"https:\/\/wegreenitgroup.com\/?page_id=18304"},"modified":"2026-03-02T11:20:20","modified_gmt":"2026-03-02T10:20:20","slug":"privacy-policy","status":"publish","type":"page","link":"https:\/\/wegreenitgroup.com\/it\/privacy-policy\/","title":{"rendered":"Privacy Policy"},"content":{"rendered":"\t\t<div data-elementor-type=\"wp-page\" data-elementor-id=\"18304\" class=\"elementor elementor-18304\" data-elementor-post-type=\"page\">\n\t\t\t\t<section class=\"elementor-element elementor-element-fabfc2f e-con-full e-flex e-con e-parent\" data-id=\"fabfc2f\" data-element_type=\"container\" data-e-type=\"container\">\n\t\t<header class=\"elementor-element elementor-element-49d6634 e-flex e-con-boxed e-con e-child\" data-id=\"49d6634\" data-element_type=\"container\" data-e-type=\"container\">\n\t\t\t\t\t<div class=\"e-con-inner\">\n\t\t\t\t<div class=\"elementor-element elementor-element-292b2d3 elementor-invisible elementor-widget elementor-widget-heading\" data-id=\"292b2d3\" data-element_type=\"widget\" data-e-type=\"widget\" data-settings=\"{&quot;_animation&quot;:&quot;fadeIn&quot;,&quot;_animation_delay&quot;:200}\" data-widget_type=\"heading.default\">\n\t\t\t\t<div class=\"elementor-widget-container\">\n\t\t\t\t\t<h1 class=\"elementor-heading-title elementor-size-default\">Privacy Policy<\/h1>\t\t\t\t<\/div>\n\t\t\t\t<\/div>\n\t\t\t\t<div class=\"elementor-element elementor-element-3d3bdcb elementor-absolute e-transform elementor-widget-divider--view-line elementor-invisible elementor-widget elementor-widget-divider\" data-id=\"3d3bdcb\" data-element_type=\"widget\" data-e-type=\"widget\" data-settings=\"{&quot;_position&quot;:&quot;absolute&quot;,&quot;_transform_rotateZ_effect&quot;:{&quot;unit&quot;:&quot;px&quot;,&quot;size&quot;:-4,&quot;sizes&quot;:[]},&quot;_transform_rotateZ_effect_mobile&quot;:{&quot;unit&quot;:&quot;deg&quot;,&quot;size&quot;:-12,&quot;sizes&quot;:[]},&quot;motion_fx_motion_fx_scrolling&quot;:&quot;yes&quot;,&quot;motion_fx_translateY_effect&quot;:&quot;yes&quot;,&quot;_animation&quot;:&quot;fadeInUp&quot;,&quot;motion_fx_translateY_speed&quot;:{&quot;unit&quot;:&quot;px&quot;,&quot;size&quot;:4,&quot;sizes&quot;:[]},&quot;motion_fx_translateY_affectedRange&quot;:{&quot;unit&quot;:&quot;%&quot;,&quot;size&quot;:&quot;&quot;,&quot;sizes&quot;:{&quot;start&quot;:0,&quot;end&quot;:100}},&quot;motion_fx_devices&quot;:[&quot;desktop&quot;,&quot;laptop&quot;,&quot;tablet&quot;,&quot;mobile&quot;],&quot;_transform_rotateZ_effect_laptop&quot;:{&quot;unit&quot;:&quot;deg&quot;,&quot;size&quot;:&quot;&quot;,&quot;sizes&quot;:[]},&quot;_transform_rotateZ_effect_tablet&quot;:{&quot;unit&quot;:&quot;deg&quot;,&quot;size&quot;:&quot;&quot;,&quot;sizes&quot;:[]}}\" data-widget_type=\"divider.default\">\n\t\t\t\t<div class=\"elementor-widget-container\">\n\t\t\t\t\t\t\t<div class=\"elementor-divider\">\n\t\t\t<span class=\"elementor-divider-separator\">\n\t\t\t\t\t\t<\/span>\n\t\t<\/div>\n\t\t\t\t\t\t<\/div>\n\t\t\t\t<\/div>\n\t\t\t\t\t<\/div>\n\t\t\t\t<\/header>\n\t\t\t\t<\/section>\n\t\t<div class=\"elementor-element elementor-element-20e96262 e-flex e-con-boxed e-con e-parent\" data-id=\"20e96262\" data-element_type=\"container\" data-e-type=\"container\" data-settings=\"{&quot;motion_fx_motion_fx_scrolling&quot;:&quot;yes&quot;,&quot;motion_fx_translateY_effect&quot;:&quot;yes&quot;,&quot;motion_fx_translateY_speed&quot;:{&quot;unit&quot;:&quot;px&quot;,&quot;size&quot;:4,&quot;sizes&quot;:[]},&quot;motion_fx_translateY_affectedRange&quot;:{&quot;unit&quot;:&quot;%&quot;,&quot;size&quot;:&quot;&quot;,&quot;sizes&quot;:{&quot;start&quot;:0,&quot;end&quot;:100}},&quot;motion_fx_devices&quot;:[&quot;desktop&quot;,&quot;laptop&quot;,&quot;tablet&quot;,&quot;mobile&quot;]}\">\n\t\t\t\t\t<div class=\"e-con-inner\">\n\t\t\t\t<div class=\"elementor-element elementor-element-7531532 elementor-widget elementor-widget-text-editor\" data-id=\"7531532\" data-element_type=\"widget\" data-e-type=\"widget\" data-widget_type=\"text-editor.default\">\n\t\t\t\t<div class=\"elementor-widget-container\">\n\t\t\t\t\t\t\t\t\t<br>\n<h5><span style=\"color: inherit;\">1. Titolare del trattamento<\/span><\/h5><div class=\"section\">\n<div class=\"company-info\">\n<p>Ai sensi degli artt. 4 e 24 del Regolamento UE n. 2016\/679 (di seguito &#8220;GDPR&#8221;), il Titolare del trattamento \u00e8 <strong>Wegreenit S.p.A.<\/strong> con sede legale in Piazzale Loreto, 17 &#8211; 20131 Milano (MI) Italia (di seguito &#8220;Wegreenit&#8221; o la &#8220;Societ\u00e0&#8221;), nella persona del legale rappresentante pro-tempore.<\/p>\n<\/div>\n<\/div>\n<div class=\"section\">\n<h5>2. Oggetto del trattamento<\/h5>\n<p>La presente informativa (insieme ad altri documenti in essa citati) descrive i dati personali (&#8220;Dati Personali&#8221;) che la Societ\u00e0 raccoglie dall&#8217;utente del sito web e come vengono trattati.<\/p>\n<p>La Societ\u00e0 raccoglie informazioni personali sulle visite al sito web, fra cui, a titolo meramente esemplificativo, dati sul traffico, dati sulla posizione, weblog e moduli di contatto, nonch\u00e9 altri dati di comunicazione e le risorse a cui l&#8217;utente accede.<\/p>\n<p>La raccolta di queste informazioni personali render\u00e0 la visita al sito web pi\u00f9 facile in futuro, poich\u00e9 la Societ\u00e0 sar\u00e0 in grado di suggerire contenuti pertinenti sulla base della posizione da cui si accede al sito.<\/p>\n<p>La Societ\u00e0 raccoglie tutte le informazioni fornite dall&#8217;utente nell&#8217;invio dei moduli di contatto (ad esempio &#8220;Contatti&#8221;) e in particolare nome, cognome, indirizzo e-mail, numero di telefono, provincia, Partita Iva, Ragione Sociale.<\/p>\n<p>Fornire informazioni personali tramite i moduli di contatto non \u00e8 un requisito legale o contrattuale; tuttavia, si noti che i campi contrassegnati con un asterisco (*) sono campi obbligatori, poich\u00e9 la Societ\u00e0 necessita di queste informazioni per adempiere o rispondere alla richiesta dell&#8217;utente. Il mancato conferimento dei dati obbligatori comporter\u00e0 l&#8217;impossibilit\u00e0 per la Societ\u00e0 di dare seguito alla richiesta dell&#8217;utente. Altre informazioni o informazioni personali vengono condivise al momento della compilazione dei moduli di contatto a discrezione dell&#8217;utente. In caso di contatto con la Societ\u00e0, verr\u00e0 tenuta traccia di tale corrispondenza.<\/p>\n<p>La societ\u00e0 inoltre pu\u00f2 salvare cookies, come descritto pi\u00f9 dettagliatamente nella Cookie Policy.<\/p>\n<\/div>\n<div class=\"section\">\n<h5>3. Finalit\u00e0 del trattamento<\/h5>\n<p>I Dati Personali sono raccolti e trattati dalla Societ\u00e0 al fine di:<\/p>\n<ul>\n<li>adattare i contenuti e le risorse alle preferenze dell&#8217;utente;<\/li>\n<li>rispondere alle richieste o alle domande dell&#8217;utente o e-mail o telefonicamente;<\/li>\n<li>creare, pubblicare e migliorare i contenuti pi\u00f9 pertinenti per l&#8217;utenza;<\/li>\n<li>garantire che i contenuti forniti tramite il sito siano presentati nel modo pi\u00f9 efficace per l&#8217;utente in base al loro dispositivo;<\/li>\n<li>consentire di partecipare a funzionalit\u00e0 interattive del sito, se lo si desidera;<\/li>\n<li>sviluppare e migliorare ulteriormente il sito e i sistemi per servire meglio l&#8217;utenza.<\/li>\n<\/ul>\n<p>L&#8217;uso delle informazioni sopra descritto \u00e8 ammesso dalla legge applicabile in materia di protezione dei Dati Personali, in quanto:<\/p>\n<ul>\n<li>necessario per i legittimi interessi della Societ\u00e0 nel perseguire le finalit\u00e0 di cui sopra; tali interessi in ogni caso non sono in conflitto con il diritto alla privacy degli utenti;<\/li>\n<li>in alcuni casi, necessario per adempiere alle responsabilit\u00e0 legali o regolamentari della Societ\u00e0, ad esempio in caso di comunicazione alle autorit\u00e0, enti governativi o di regolamentazione; o<\/li>\n<li>in alcuni casi, necessario per il compimento di un&#8217;azione di pubblico interesse e, nel caso in cui la Societ\u00e0 utilizzi particolari categorie di Dati Personali, necessario per avviare, portare avanti o difendersi in azioni legali, o quando il trattamento riguarda informazioni personali manifestamente di pubblico dominio.<\/li>\n<\/ul>\n<p>La Societ\u00e0 non adotta alcun processo decisionale automatizzato, inclusa la profilazione, che produca effetti giuridici sull&#8217;utente o che incida in modo analogo significativamente sulla sua persona. La Societ\u00e0 conserva le informazioni per il periodo necessario ad adempiere agli obblighi legali. Il periodo di conservazione delle informazioni personali dipende dallo scopo per cui vengono trattati i dati e dagli strumenti con cui tali informazioni personali sono trattate.<\/p>\n<p>Non \u00e8 tuttavia possibile indicare il periodo di conservazione in maniera ragionevolmente comprensibile nella presente Informativa. I criteri utilizzati per determinare il periodo di conservazione applicabile sono strettamente correlati al tempo (i) necessario al relativo scopo, (ii) necessario all&#8217;espletamento del rapporto commerciale con l&#8217;utente, (iii) accettato dall&#8217;utente e\/o (iv) richiesto dalle leggi applicabili in materia.<\/p>\n<\/div>\n<div class=\"section\">\n<h5>4. Condivisione dei Dati Personali con terzi<\/h5>\n<p>Per facilitare un uso efficiente delle informazioni e per fornire all&#8217;utente contenuti e\/o risorse, le informazioni sono divulgate a terzi. Tuttavia, tale divulgazione si verificher\u00e0 solamente nelle seguenti circostanze:<\/p>\n<ul>\n<li><strong>a fornitori, appaltatori e agenti:<\/strong> la Societ\u00e0 potrebbe coinvolgere o avvalersi di altre societ\u00e0 e persone fisiche per svolgere alcune funzioni per suo conto, ad esempio l&#8217;hosting e\/o la manutenzione dei contenuti del sito web o la fornitura di determinate funzioni in esso contenute. I destinatari avranno accesso alle informazioni personali solamente nella misura richiesta dallo svolgimento delle proprie funzioni, e non potranno utilizzarle per altri fini. I destinatari saranno tenuti agli obblighi contrattuali di riservatezza;<\/li>\n<li><strong>alle autorit\u00e0 governative o giudiziarie<\/strong> se la Societ\u00e0 ritiene che quest&#8217;ultime siano legalmente tenute a richiederla.<\/li>\n<\/ul>\n<\/div>\n<div class=\"section\">\n<h5>5. Indirizzi IP e cookie<\/h5>\n<p>La Societ\u00e0 raccoglie informazioni su computer o altri dispositivi informatici. Tali informazioni comprendono (ove disponibile) l&#8217;indirizzo IP, il sistema operativo e la versione di browser, per l&#8217;amministrazione di sistema.<\/p>\n<p>Si tratta di dati statistici sulle azioni e i comportamenti di navigazione degli utenti, che non identificano la persona.<\/p>\n<p>Per lo stesso motivo, la Societ\u00e0 pu\u00f2 ottenere informazioni sull&#8217;uso che l&#8217;utente fa di internet in generale, mediante un file cookie che viene memorizzato nel dispositivo. I cookie aiutano a migliorare il sito e a fornire contenuti migliori, pi\u00f9 mirati. Vengono utilizzati esclusivamente cookie tecnici e analitici anonimizzati, escludendo cookie di profilazione.<\/p>\n<p>Per ulteriori informazioni sull&#8217;uso dei cookie sul sito, si veda la Cookie Policy.<\/p>\n<\/div>\n<div class=\"section\">\n<h5>6. Trasferimento dei Dati Personali<\/h5>\n<p>I Dati Personali raccolti possono essere trasferiti e trattati in una o pi\u00f9 nazioni all&#8217;interno o al di fuori dell&#8217;Unione Europea. Vengono trasferiti i dati al di fuori dell&#8217;UE solo ai paesi che la Commissione Europea ritiene offrire un adeguato livello di protezione, o dove la Societ\u00e0 ha attuato garanzie appropriate per preservare la riservatezza di tali informazioni.<\/p>\n<\/div>\n<div class=\"section\">\n<h5>7. Sicurezza dei dati<\/h5>\n<p>Sebbene la Societ\u00e0 si impegna a fare tutto il possibile per tutelare le informazioni personali, si comunica che la cessione di informazioni via internet non \u00e8 completamente sicura e non si pu\u00f2 garantire la sicurezza dei Dati Personali trasmessi al sito web o a terzi; per questo motivo, qualsiasi trasmissione di dati avviene a rischio e pericolo dell&#8217;utente.<\/p>\n<p>Vengono tuttavia applicate procedure operative rigorose e misure di sicurezza tecniche e organizzative adeguate al fine di prevenire qualsiasi accesso, modifica, eliminazione o trasmissione non autorizzati di tali informazioni personali.<\/p>\n<\/div>\n<div class=\"section\">\n<h5>8. Diritti dell&#8217;utente<\/h5>\n<p>Gli Articoli da 15 a 22 GDPR conferiscono all&#8217;utente, in qualit\u00e0 di interessato, l&#8217;esercizio di specifici diritti che si espongono qui di seguito:<\/p>\n<h5>Diritto di accedere e ottenere una copia dei Suoi Dati Personali:<\/h5>\n<p>L&#8217;utente ha il diritto di richiedere la conferma del fatto che la Societ\u00e0 stia trattando qualsivoglia Suo dato personale. In tal caso, potr\u00e0 avere accesso ai propri Dati Personali e ad alcune informazioni in merito al trattamento. In alcuni casi pu\u00f2 richiedere alla Societ\u00e0 di fornire una copia elettronica dei propri dati.<\/p>\n<h5>Diritto di rettifica dei Dati Personali:<\/h5>\n<p>Laddove sia in grado di dimostrare la non correttezza dei propri Dati Personali in possesso della Societ\u00e0, l&#8217;utente ha la possibilit\u00e0 di richiedere l&#8217;aggiornamento o la rettifica di tali dati.<\/p>\n<h5>Diritto all&#8217;oblio\/alla cancellazione dei dati:<\/h5>\n<p>In determinate circostanze, l&#8217;utente ha diritto a far cancellare i propri Dati Personali. La richiesta pu\u00f2 essere presentata in qualsiasi momento e la Societ\u00e0 valuter\u00e0 la possibilit\u00e0 di accogliere tale richiesta.<\/p>\n<p>Tuttavia, tale diritto \u00e8 soggetto a diritti o obblighi legali che potrebbero imporre alla Societ\u00e0 la conservazione dei dati. Qualora si accerti che, ai sensi di legge, la richiesta di cancellazione dei Dati Personali possa essere accolta, la Societ\u00e0 provveder\u00e0 immediatamente a farlo senza ritardi ingiustificati.<\/p>\n<h5>Diritto di sollevare obiezioni:<\/h5>\n<p>Sebbene il trattamento dei dati dell&#8217;utente da parte della Societ\u00e0 si basi sul legittimo interesse di quest&#8217;ultima (e su nessun&#8217;altra motivazione di trattamento), l&#8217;utente ha il diritto a obiettare alla modalit\u00e0 di trattamento dei propri Dati Personali messa in atto dalla Societ\u00e0 in riferimento alla sua particolare situazione.<\/p>\n<h5>Diritto di ritirare il consenso:<\/h5>\n<p>Nella misura in cui il trattamento dei Dati Personali si basa sul Suo consenso, l&#8217;utente ha altres\u00ec il diritto di ritirare il consenso in qualsiasi momento. Il ritiro del consenso non pregiudica la legittimit\u00e0 di qualsiasi trattamento basata sul consenso dato prima di tale recesso.<\/p>\n<\/div>\n<div class=\"section\">\n<h5>9. Modalit\u00e0 di esercizio dei diritti<\/h5>\n<p>Al fine di esercitare i propri diritti, l&#8217;utente pu\u00f2 scrivere al seguente indirizzo e-mail: <a href=\"mailto:privacy@wegreenit.it\">privacy@wegreenit.it<\/a>. \u00c8 altres\u00ec possibile presentare un reclamo riguardo il trattamento dei Dati Personali presso il Garante della Privacy locale.<\/p>\n<\/div>\n<div class=\"section\">\n<h5>10. Modifiche alla presente Privacy Policy<\/h5>\n<p>Le condizioni della presente Informativa possono cambiare di volta in volta. La Societ\u00e0 pubblicher\u00e0 eventuali modifiche sostanziali alla presente Informativa mediante debita comunicazione su questo sito web o contattando l&#8217;utente tramite altri canali.<\/p>\n<\/div>\n<div class=\"section\">\n<h5>11. Contatti<\/h5>\n<div class=\"contact-info\">\n<p>Vi informiamo che domande, commenti e richieste relativi alla presente Informativa dovranno essere rivolti alla Societ\u00e0 al seguente indirizzo e-mail: <a href=\"mailto:privacy@wegreenit.it\">privacy@wegreenit.it<\/a>.<\/p>\n<\/div>\n<\/div>\t\t\t\t\t\t\t\t<\/div>\n\t\t\t\t<\/div>\n\t\t\t\t\t<\/div>\n\t\t\t\t<\/div>\n\t\t<div class=\"elementor-element elementor-element-2773d0a3 e-flex e-con-boxed e-con e-parent\" data-id=\"2773d0a3\" data-element_type=\"container\" data-e-type=\"container\" data-settings=\"{&quot;background_background&quot;:&quot;classic&quot;}\">\n\t\t\t\t\t<div class=\"e-con-inner\">\n\t\t<div class=\"elementor-element elementor-element-532b8fff e-con-full e-flex e-con e-child\" data-id=\"532b8fff\" data-element_type=\"container\" data-e-type=\"container\">\n\t\t\t\t<div class=\"elementor-element elementor-element-4ad4fe08 animated-slow elementor-invisible elementor-widget elementor-widget-heading\" data-id=\"4ad4fe08\" data-element_type=\"widget\" data-e-type=\"widget\" data-settings=\"{&quot;_animation&quot;:&quot;fadeIn&quot;,&quot;_animation_delay&quot;:300}\" data-widget_type=\"heading.default\">\n\t\t\t\t<div class=\"elementor-widget-container\">\n\t\t\t\t\t<h2 class=\"elementor-heading-title elementor-size-default\">Contattaci<\/h2>\t\t\t\t<\/div>\n\t\t\t\t<\/div>\n\t\t\t\t<div class=\"elementor-element elementor-element-344c3f72 animated-slow elementor-invisible elementor-widget elementor-widget-text-editor\" data-id=\"344c3f72\" data-element_type=\"widget\" data-e-type=\"widget\" data-settings=\"{&quot;_animation&quot;:&quot;fadeIn&quot;,&quot;_animation_delay&quot;:600}\" data-widget_type=\"text-editor.default\">\n\t\t\t\t<div class=\"elementor-widget-container\">\n\t\t\t\t\t\t\t\t\t<div class=\"wpb_text_column wpb_content_element \"><div class=\"wpb_wrapper\"><p>Puoi contattare gli uffici di\u00a0<strong>Wegreenit<\/strong> utilizzando i recapiti che trovi nella pagina contattaci.<\/p><\/div><\/div>\t\t\t\t\t\t\t\t<\/div>\n\t\t\t\t<\/div>\n\t\t\t\t<div class=\"elementor-element elementor-element-64f04380 animated-slow elementor-invisible elementor-widget elementor-widget-button\" data-id=\"64f04380\" data-element_type=\"widget\" data-e-type=\"widget\" data-settings=\"{&quot;_animation&quot;:&quot;fadeIn&quot;,&quot;_animation_delay&quot;:900}\" data-widget_type=\"button.default\">\n\t\t\t\t<div class=\"elementor-widget-container\">\n\t\t\t\t\t\t\t\t\t<div class=\"elementor-button-wrapper\">\n\t\t\t\t\t<a class=\"elementor-button elementor-button-link elementor-size-sm\" href=\"https:\/\/wegreenitgroup.com\/contattaci\/\">\n\t\t\t\t\t\t<span class=\"elementor-button-content-wrapper\">\n\t\t\t\t\t\t<span class=\"elementor-button-icon\">\n\t\t\t\t<svg xmlns=\"http:\/\/www.w3.org\/2000\/svg\" width=\"15\" height=\"14\" viewBox=\"0 0 15 14\" fill=\"none\"><path d=\"M0 6.89478L14 6.89478\" stroke=\"white\"><\/path><path d=\"M8.10526 1L14 6.89474L8.10526 12.7895\" stroke=\"white\"><\/path><\/svg>\t\t\t<\/span>\n\t\t\t\t\t\t\t\t\t<span class=\"elementor-button-text\">scopri<\/span>\n\t\t\t\t\t<\/span>\n\t\t\t\t\t<\/a>\n\t\t\t\t<\/div>\n\t\t\t\t\t\t\t\t<\/div>\n\t\t\t\t<\/div>\n\t\t\t\t<\/div>\n\t\t<div class=\"elementor-element elementor-element-2657e278 e-con-full e-flex e-con e-child\" data-id=\"2657e278\" data-element_type=\"container\" data-e-type=\"container\">\n\t\t\t\t<\/div>\n\t\t\t\t\t<\/div>\n\t\t\t\t<\/div>\n\t\t\t\t<\/div>\n\t\t","protected":false},"excerpt":{"rendered":"<p>1. Titolare del trattamento Ai sensi degli artt. 4 e 24 del Regolamento UE n. 2016\/679 (di seguito &#8220;GDPR&#8221;), il Titolare del trattamento \u00e8 Wegreenit S.p.A. con sede legale in Piazzale Loreto, 17 &#8211; 20131 Milano (MI) Italia (di seguito &#8220;Wegreenit&#8221; o la &#8220;Societ\u00e0&#8221;), nella persona del legale rappresentante pro-tempore. 2. Oggetto del trattamento La [&hellip;]<\/p>\n","protected":false},"author":1,"featured_media":0,"parent":0,"menu_order":0,"comment_status":"closed","ping_status":"closed","template":"","meta":{"_acf_changed":false,"footnotes":""},"class_list":["post-18304","page","type-page","status-publish","hentry"],"acf":[],"_links":{"self":[{"href":"https:\/\/wegreenitgroup.com\/it\/wp-json\/wp\/v2\/pages\/18304","targetHints":{"allow":["GET"]}}],"collection":[{"href":"https:\/\/wegreenitgroup.com\/it\/wp-json\/wp\/v2\/pages"}],"about":[{"href":"https:\/\/wegreenitgroup.com\/it\/wp-json\/wp\/v2\/types\/page"}],"author":[{"embeddable":true,"href":"https:\/\/wegreenitgroup.com\/it\/wp-json\/wp\/v2\/users\/1"}],"replies":[{"embeddable":true,"href":"https:\/\/wegreenitgroup.com\/it\/wp-json\/wp\/v2\/comments?post=18304"}],"version-history":[{"count":37,"href":"https:\/\/wegreenitgroup.com\/it\/wp-json\/wp\/v2\/pages\/18304\/revisions"}],"predecessor-version":[{"id":28427,"href":"https:\/\/wegreenitgroup.com\/it\/wp-json\/wp\/v2\/pages\/18304\/revisions\/28427"}],"wp:attachment":[{"href":"https:\/\/wegreenitgroup.com\/it\/wp-json\/wp\/v2\/media?parent=18304"}],"curies":[{"name":"wp","href":"https:\/\/api.w.org\/{rel}","templated":true}]}}