{"id":28038,"date":"2024-11-29T00:09:48","date_gmt":"2024-11-28T23:09:48","guid":{"rendered":"https:\/\/wegreenitgroup.com\/privacy-policy\/"},"modified":"2025-12-11T13:25:57","modified_gmt":"2025-12-11T12:25:57","slug":"privacy-policy","status":"publish","type":"page","link":"https:\/\/wegreenitgroup.com\/de\/privacy-policy\/","title":{"rendered":"Privacy Policy"},"content":{"rendered":"\t\t<div data-elementor-type=\"wp-page\" data-elementor-id=\"28038\" class=\"elementor elementor-28038 elementor-18304\" data-elementor-post-type=\"page\">\n\t\t\t\t<section class=\"elementor-element elementor-element-fabfc2f e-con-full e-flex e-con e-parent\" data-id=\"fabfc2f\" data-element_type=\"container\" data-e-type=\"container\">\n\t\t<header class=\"elementor-element elementor-element-49d6634 e-flex e-con-boxed e-con e-child\" data-id=\"49d6634\" data-element_type=\"container\" data-e-type=\"container\">\n\t\t\t\t\t<div class=\"e-con-inner\">\n\t\t\t\t<div class=\"elementor-element elementor-element-292b2d3 elementor-invisible elementor-widget elementor-widget-heading\" data-id=\"292b2d3\" data-element_type=\"widget\" data-e-type=\"widget\" data-settings=\"{&quot;_animation&quot;:&quot;fadeIn&quot;,&quot;_animation_delay&quot;:200}\" data-widget_type=\"heading.default\">\n\t\t\t\t<div class=\"elementor-widget-container\">\n\t\t\t\t\t<h1 class=\"elementor-heading-title elementor-size-default\">Privacy Policy<\/h1>\t\t\t\t<\/div>\n\t\t\t\t<\/div>\n\t\t\t\t<div class=\"elementor-element elementor-element-3d3bdcb elementor-absolute e-transform elementor-widget-divider--view-line elementor-invisible elementor-widget elementor-widget-divider\" data-id=\"3d3bdcb\" data-element_type=\"widget\" data-e-type=\"widget\" data-settings=\"{&quot;_position&quot;:&quot;absolute&quot;,&quot;_transform_rotateZ_effect&quot;:{&quot;unit&quot;:&quot;px&quot;,&quot;size&quot;:-4,&quot;sizes&quot;:[]},&quot;_transform_rotateZ_effect_mobile&quot;:{&quot;unit&quot;:&quot;deg&quot;,&quot;size&quot;:-12,&quot;sizes&quot;:[]},&quot;motion_fx_motion_fx_scrolling&quot;:&quot;yes&quot;,&quot;motion_fx_translateY_effect&quot;:&quot;yes&quot;,&quot;_animation&quot;:&quot;fadeInUp&quot;,&quot;motion_fx_translateY_speed&quot;:{&quot;unit&quot;:&quot;px&quot;,&quot;size&quot;:4,&quot;sizes&quot;:[]},&quot;motion_fx_translateY_affectedRange&quot;:{&quot;unit&quot;:&quot;%&quot;,&quot;size&quot;:&quot;&quot;,&quot;sizes&quot;:{&quot;start&quot;:0,&quot;end&quot;:100}},&quot;motion_fx_devices&quot;:[&quot;desktop&quot;,&quot;laptop&quot;,&quot;tablet&quot;,&quot;mobile&quot;],&quot;_transform_rotateZ_effect_laptop&quot;:{&quot;unit&quot;:&quot;deg&quot;,&quot;size&quot;:&quot;&quot;,&quot;sizes&quot;:[]},&quot;_transform_rotateZ_effect_tablet&quot;:{&quot;unit&quot;:&quot;deg&quot;,&quot;size&quot;:&quot;&quot;,&quot;sizes&quot;:[]}}\" data-widget_type=\"divider.default\">\n\t\t\t\t<div class=\"elementor-widget-container\">\n\t\t\t\t\t\t\t<div class=\"elementor-divider\">\n\t\t\t<span class=\"elementor-divider-separator\">\n\t\t\t\t\t\t<\/span>\n\t\t<\/div>\n\t\t\t\t\t\t<\/div>\n\t\t\t\t<\/div>\n\t\t\t\t\t<\/div>\n\t\t\t\t<\/header>\n\t\t\t\t<\/section>\n\t\t<div class=\"elementor-element elementor-element-20e96262 e-flex e-con-boxed e-con e-parent\" data-id=\"20e96262\" data-element_type=\"container\" data-e-type=\"container\" data-settings=\"{&quot;motion_fx_motion_fx_scrolling&quot;:&quot;yes&quot;,&quot;motion_fx_translateY_effect&quot;:&quot;yes&quot;,&quot;motion_fx_translateY_speed&quot;:{&quot;unit&quot;:&quot;px&quot;,&quot;size&quot;:4,&quot;sizes&quot;:[]},&quot;motion_fx_translateY_affectedRange&quot;:{&quot;unit&quot;:&quot;%&quot;,&quot;size&quot;:&quot;&quot;,&quot;sizes&quot;:{&quot;start&quot;:0,&quot;end&quot;:100}},&quot;motion_fx_devices&quot;:[&quot;desktop&quot;,&quot;laptop&quot;,&quot;tablet&quot;,&quot;mobile&quot;]}\">\n\t\t\t\t\t<div class=\"e-con-inner\">\n\t\t\t\t<div class=\"elementor-element elementor-element-7531532 elementor-widget elementor-widget-text-editor\" data-id=\"7531532\" data-element_type=\"widget\" data-e-type=\"widget\" data-widget_type=\"text-editor.default\">\n\t\t\t\t<div class=\"elementor-widget-container\">\n\t\t\t\t\t\t\t\t\t<p>\u00a0<\/p><ol><li><b> Verantwortlicher f\u00fcr die Verarbeitung<\/b><\/li><\/ol><p><span style=\"font-weight: 400;\">Gem\u00e4\u00df den Art. 4 und 24 der EU-Verordnung Nr. 2016\/679 (nachfolgend \u201eDSGVO\u201c) ist der Verantwortliche f\u00fcr die Verarbeitung Wegreenit S.p.A., mit Sitz in Piazzale Loreto 17, 20131 Mailand (MI), Italien (nachfolgend \u201eWegreenit\u201c oder die \u201eGesellschaft\u201c), vertreten durch den gesetzlichen Vertreter pro tempore.<\/span><\/p><p>\u00a0<\/p><ol start=\"2\"><li><b> Gegenstand der Verarbeitung<\/b><\/li><\/ol><p><span style=\"font-weight: 400;\">Diese Information (zusammen mit anderen darin genannten Dokumenten) beschreibt die personenbezogenen Daten (\u201epersonenbezogene Daten\u201c), die das Unternehmen vom Nutzer der Website erhebt, und wie diese verarbeitet werden.<\/span><\/p><p>\u00a0<\/p><ol><li><span style=\"font-weight: 400;\">a) Das Unternehmen sammelt pers\u00f6nliche Informationen \u00fcber die Besuche der Website, darunter beispielhaft Verkehrsdaten, Standortdaten, Weblogs und Kontaktformulare sowie andere Kommunikationsdaten und die Ressourcen, auf die der Nutzer zugreift.<\/span><\/li><\/ol><p><span style=\"font-weight: 400;\">Die Erhebung dieser Daten erleichtert zuk\u00fcnftige Besuche der Website, da das Unternehmen so relevante Inhalte basierend auf dem Standort des Nutzers vorschlagen kann.<\/span><\/p><ol><li><span style=\"font-weight: 400;\">b) Das Unternehmen sammelt alle Informationen, die der Nutzer \u00fcber Kontaktformulare (z. B. \u201eKontakte\u201c) zur Verf\u00fcgung stellt, insbesondere Vorname, Nachname, E-Mail-Adresse, Telefonnummer, Provinz, Umsatzsteuer-Identifikationsnummer und Firmenname.<\/span><\/li><\/ol><p><span style=\"font-weight: 400;\">Die Bereitstellung personenbezogener Daten \u00fcber die Kontaktformulare ist weder gesetzlich noch vertraglich vorgeschrieben; es sei jedoch darauf hingewiesen, dass Felder, die mit einem Sternchen (*) gekennzeichnet sind, Pflichtfelder sind, da das Unternehmen diese Informationen ben\u00f6tigt, um der Anfrage des Nutzers nachzukommen oder zu antworten. Wenn die Pflichtangaben nicht erteilt werden, ist es dem Unternehmen nicht m\u00f6glich, die Anfrage des Nutzers zu bearbeiten. Weitere Informationen oder personenbezogene Daten werden nach Ermessen des Nutzers bei der Ausf\u00fcllung der Formulare bereitgestellt. Bei Kontaktaufnahme mit dem Unternehmen wird diese Korrespondenz gespeichert.<\/span><\/p><ol><li><span style=\"font-weight: 400;\">c) Das Unternehmen kann au\u00dferdem Cookies speichern, wie in der Cookie-Policy ausf\u00fchrlich beschrieben.<\/span><\/li><\/ol><p>\u00a0<\/p><ol start=\"3\"><li><b> Zwecke der Verarbeitung<\/b><\/li><\/ol><p>\u00a0<\/p><p><span style=\"font-weight: 400;\">Die personenbezogenen Daten werden vom Unternehmen erhoben und verarbeitet, um:<\/span><\/p><p>\u00a0<\/p><ol><li><span style=\"font-weight: 400;\">a) Inhalte und Ressourcen an die Pr\u00e4ferenzen des Nutzers anzupassen;<\/span><\/li><li><span style=\"font-weight: 400;\">b) auf Anfragen oder Fragen des Nutzers per E-Mail oder Telefon zu antworten;<\/span><\/li><li><span style=\"font-weight: 400;\">c) relevante Inhalte zu erstellen, zu ver\u00f6ffentlichen und zu verbessern;<\/span><\/li><li><span style=\"font-weight: 400;\">d) sicherzustellen, dass die \u00fcber die Website bereitgestellten Inhalte bestm\u00f6glich an das jeweilige Ger\u00e4t des Nutzers angepasst dargestellt werden;<\/span><\/li><li><span style=\"font-weight: 400;\">e) die Teilnahme an interaktiven Funktionen der Website zu erm\u00f6glichen, sofern gew\u00fcnscht;<\/span><\/li><li><span style=\"font-weight: 400;\">f) die Website und die Systeme weiterzuentwickeln und zu verbessern, um den Nutzern besser zu dienen.<\/span><\/li><\/ol><p>\u00a0<\/p><p><span style=\"font-weight: 400;\">Die Nutzung der oben beschriebenen Informationen ist nach geltendem Datenschutzrecht zul\u00e4ssig, da sie:<\/span><\/p><p>\u00a0<\/p><ol><li><span style=\"font-weight: 400;\">a) f\u00fcr die berechtigten Interessen des Unternehmens erforderlich ist, die oben genannten Zwecke zu verfolgen, wobei diese Interessen nicht den Datenschutzrechten der Nutzer entgegenstehen;<\/span><\/li><li><span style=\"font-weight: 400;\">b) in bestimmten F\u00e4llen erforderlich ist, um rechtlichen oder regulatorischen Verpflichtungen des Unternehmens nachzukommen, etwa bei einer Meldung an Beh\u00f6rden, Regierungs- oder Aufsichtsstellen; oder<\/span><\/li><li><span style=\"font-weight: 400;\">c) in bestimmten F\u00e4llen erforderlich ist, um eine Aufgabe im \u00f6ffentlichen Interesse auszuf\u00fchren und \u2013 sofern das Unternehmen besondere Kategorien personenbezogener Daten verarbeitet \u2013 um Rechtsanspr\u00fcche geltend zu machen, auszu\u00fcben oder zu verteidigen oder wenn die Verarbeitung Daten betrifft, die offensichtlich \u00f6ffentlich gemacht wurden.<\/span><\/li><\/ol><p>\u00a0<\/p><p><span style=\"font-weight: 400;\">Das Unternehmen trifft keine automatisierten Entscheidungen, einschlie\u00dflich Profiling, die rechtliche Wirkung f\u00fcr den Nutzer entfalten oder ihn in \u00e4hnlicher Weise erheblich beeintr\u00e4chtigen.<\/span><\/p><p><span style=\"font-weight: 400;\">Die Daten werden so lange gespeichert, wie es notwendig ist, um gesetzlichen Verpflichtungen nachzukommen. Die Speicherfrist h\u00e4ngt vom Zweck der Datenverarbeitung und den verwendeten Verarbeitungssystemen ab.<\/span><\/p><p>\u00a0<\/p><p><span style=\"font-weight: 400;\">Es ist jedoch nicht m\u00f6glich, die Speicherdauer in dieser Information verst\u00e4ndlich und eindeutig anzugeben. Die Kriterien f\u00fcr die Festlegung der Speicherdauer beziehen sich ausschlie\u00dflich auf den Zeitraum, der (i) f\u00fcr den jeweiligen Zweck erforderlich ist, (ii) zur Durchf\u00fchrung der Gesch\u00e4ftsbeziehung mit dem Nutzer notwendig ist, (iii) vom Nutzer akzeptiert wurde und\/oder (iv) durch geltende Gesetze vorgeschrieben ist.<\/span><\/p><p>\u00a0<\/p><ol start=\"4\"><li><b> Weitergabe personenbezogener Daten an Dritte<\/b><\/li><\/ol><p><span style=\"font-weight: 400;\">Um eine effiziente Nutzung der Informationen zu erm\u00f6glichen und dem Nutzer Inhalte und\/oder Ressourcen bereitzustellen, k\u00f6nnen Informationen an Dritte weitergegeben werden. Eine solche Weitergabe erfolgt jedoch ausschlie\u00dflich in den folgenden F\u00e4llen:<\/span><\/p><p>\u00a0<\/p><ol><li><span style=\"font-weight: 400;\">a) An Anbieter, Auftragnehmer und Vertreter: Das Unternehmen kann andere Unternehmen oder nat\u00fcrliche Personen beauftragen oder hinzuziehen, um bestimmte Funktionen im Auftrag des Unternehmens auszuf\u00fchren, z. B. Hosting und\/oder Wartung von Website-Inhalten oder Bereitstellung bestimmter Funktionen.<\/span><\/li><\/ol><p><span style=\"font-weight: 400;\">Die Empf\u00e4nger erhalten Zugriff auf personenbezogene Daten nur insoweit, wie es f\u00fcr die Ausf\u00fchrung ihrer Aufgaben erforderlich ist, und d\u00fcrfen sie nicht f\u00fcr andere Zwecke nutzen. Sie unterliegen vertraglichen Vertraulichkeitsverpflichtungen.<\/span><\/p><p>\u00a0<\/p><ol><li><span style=\"font-weight: 400;\">b) An staatliche oder gerichtliche Beh\u00f6rden, wenn das Unternehmen der Ansicht ist, dass diese gesetzlich dazu berechtigt oder verpflichtet sind.<\/span><\/li><\/ol><p>\u00a0<\/p><ol start=\"5\"><li><b> IP-Adressen und Cookies<\/b><\/li><\/ol><p><span style=\"font-weight: 400;\">Das Unternehmen sammelt Informationen \u00fcber den Computer oder andere IT-Ger\u00e4te des Nutzers. Diese Informationen umfassen (soweit verf\u00fcgbar) IP-Adresse, Betriebssystem und Browser-Version und dienen der Systemverwaltung.<\/span><\/p><p><span style=\"font-weight: 400;\">Es handelt sich um statistische Daten \u00fcber das Surfverhalten, die die Person nicht identifizieren.<\/span><\/p><p>\u00a0<\/p><p><span style=\"font-weight: 400;\">Aus demselben Grund kann das Unternehmen Informationen \u00fcber die Internetnutzung des Nutzers im Allgemeinen mithilfe von Cookies erheben, die auf dem Ger\u00e4t gespeichert werden. Cookies helfen, die Website zu verbessern und gezieltere Inhalte bereitzustellen. Es werden ausschlie\u00dflich technische und anonymisierte analytische Cookies verwendet, keine Profiling-Cookies.<\/span><\/p><p><span style=\"font-weight: 400;\">Weitere Informationen zur Cookie-Nutzung finden sich in der Cookie-Policy.<\/span><\/p><p>\u00a0<\/p><ol start=\"6\"><li><b> \u00dcbermittlung personenbezogener Daten<\/b><\/li><\/ol><p><span style=\"font-weight: 400;\">Die erhobenen personenbezogenen Daten k\u00f6nnen in ein oder mehrere L\u00e4nder innerhalb oder au\u00dferhalb der Europ\u00e4ischen Union \u00fcbermittelt und dort verarbeitet werden.<\/span><\/p><p><span style=\"font-weight: 400;\">Eine \u00dcbermittlung in L\u00e4nder au\u00dferhalb der EU findet nur in Staaten statt, die von der Europ\u00e4ischen Kommission als L\u00e4nder mit angemessenem Datenschutzniveau anerkannt sind, oder wenn das Unternehmen geeignete Garantien zum Schutz der Vertraulichkeit dieser Daten implementiert hat.<\/span><\/p><ol start=\"7\"><li><b> Datensicherheit<\/b><\/li><\/ol><p><span style=\"font-weight: 400;\">Obwohl sich das Unternehmen verpflichtet, alles Zumutbare zu unternehmen, um personenbezogene Daten zu sch\u00fctzen, weist es darauf hin, dass die \u00dcbermittlung von Informationen \u00fcber das Internet nicht vollst\u00e4ndig sicher ist und die Sicherheit der an die Website oder an Dritte \u00fcbermittelten personenbezogenen Daten nicht garantiert werden kann. Daher erfolgt jede Daten\u00fcbertragung auf eigenes Risiko des Nutzers.<\/span><span style=\"font-weight: 400;\"><br \/><\/span><span style=\"font-weight: 400;\">Es werden jedoch strenge betriebliche Verfahren sowie angemessene technische und organisatorische Sicherheitsma\u00dfnahmen angewendet, um jeglichen unbefugten Zugriff, jede \u00c4nderung, L\u00f6schung oder Weitergabe solcher personenbezogenen Daten zu verhindern.<\/span><\/p><ol start=\"8\"><li><b> Rechte des Nutzers<\/b><\/li><\/ol><p><span style=\"font-weight: 400;\">Die Artikel 15 bis 22 der DSGVO verleihen dem Nutzer als betroffene Person bestimmte Rechte, die nachfolgend aufgef\u00fchrt sind:<\/span><\/p><ol><li><span style=\"font-weight: 400;\">a) Recht auf Zugang und Erhalt einer Kopie der personenbezogenen Daten:<\/span><span style=\"font-weight: 400;\"><br \/><\/span><span style=\"font-weight: 400;\">Der Nutzer hat das Recht, eine Best\u00e4tigung dar\u00fcber zu verlangen, ob das Unternehmen personenbezogene Daten verarbeitet. Ist dies der Fall, hat der Nutzer Zugang zu diesen Daten sowie zu bestimmten Informationen \u00fcber deren Verarbeitung. In einigen F\u00e4llen kann der Nutzer die Bereitstellung einer elektronischen Kopie seiner Daten verlangen.<\/span><\/li><li><span style=\"font-weight: 400;\">b) Recht auf Berichtigung personenbezogener Daten:<\/span><span style=\"font-weight: 400;\"><br \/><\/span><span style=\"font-weight: 400;\">Kann der Nutzer nachweisen, dass seine beim Unternehmen gespeicherten personenbezogenen Daten unrichtig sind, hat er das Recht, deren Aktualisierung oder Berichtigung zu verlangen.<\/span><\/li><li><span style=\"font-weight: 400;\">c) Recht auf Vergessenwerden\/L\u00f6schung:<\/span><span style=\"font-weight: 400;\"><br \/><\/span><span style=\"font-weight: 400;\">Unter bestimmten Umst\u00e4nden hat der Nutzer das Recht, die L\u00f6schung seiner personenbezogenen Daten zu verlangen. Ein solcher Antrag kann jederzeit gestellt werden, und das Unternehmen wird pr\u00fcfen, ob diesem nachgekommen werden kann.<\/span><span style=\"font-weight: 400;\"><br \/><\/span><span style=\"font-weight: 400;\">Dieses Recht unterliegt jedoch gesetzlichen Rechten oder Pflichten, die das Unternehmen verpflichten k\u00f6nnen, Daten aufzubewahren. Wird festgestellt, dass die L\u00f6schung gem\u00e4\u00df den gesetzlichen Bestimmungen m\u00f6glich ist, wird das Unternehmen diese unverz\u00fcglich und ohne unangemessene Verz\u00f6gerung vornehmen.<\/span><\/li><li><span style=\"font-weight: 400;\">d) Recht auf Widerspruch:<\/span><span style=\"font-weight: 400;\"><br \/><\/span><span style=\"font-weight: 400;\">Da die Verarbeitung der Daten des Nutzers durch das Unternehmen auf dessen berechtigten Interessen beruht (und auf keiner anderen Rechtsgrundlage), hat der Nutzer das Recht, aus Gr\u00fcnden, die sich aus seiner besonderen Situation ergeben, Widerspruch gegen diese Verarbeitung einzulegen.<\/span><\/li><li><span style=\"font-weight: 400;\">e) Recht auf Widerruf der Einwilligung:<\/span><span style=\"font-weight: 400;\"><br \/><\/span><span style=\"font-weight: 400;\">Soweit die Verarbeitung personenbezogener Daten auf der Einwilligung des Nutzers beruht, hat dieser das Recht, diese Einwilligung jederzeit zu widerrufen. Der Widerruf l\u00e4sst die Rechtm\u00e4\u00dfigkeit der Verarbeitung, die vor dem Widerruf auf Basis der Einwilligung erfolgt ist, unber\u00fchrt.<\/span><\/li><li><b> Aus\u00fcbung der Rechte<\/b><\/li><\/ol><p><span style=\"font-weight: 400;\">Zur Aus\u00fcbung seiner Rechte kann der Nutzer eine E-Mail an die folgende Adresse senden: privacy@wegreenit.it.<\/span><span style=\"font-weight: 400;\"><br \/><\/span><span style=\"font-weight: 400;\">Es besteht ebenfalls die M\u00f6glichkeit, eine Beschwerde bez\u00fcglich der Verarbeitung personenbezogener Daten bei der zust\u00e4ndigen Datenschutzbeh\u00f6rde einzureichen.<\/span><\/p><ol start=\"10\"><li><b> \u00c4nderungen dieser Privacy Policy<\/b><\/li><\/ol><p><span style=\"font-weight: 400;\">Die Bestimmungen dieser Information k\u00f6nnen von Zeit zu Zeit ge\u00e4ndert werden. Das Unternehmen wird alle wesentlichen \u00c4nderungen dieser Information durch entsprechende Hinweise auf dieser Website oder durch Kontaktaufnahme mit dem Nutzer \u00fcber andere Kan\u00e4le ver\u00f6ffentlichen.<\/span><\/p><ol start=\"12\"><li><b> Kontakt<\/b><\/li><\/ol><p><span style=\"font-weight: 400;\">Fragen, Anmerkungen und Anfragen zu dieser Information sind an das Unternehmen unter folgender E-Mail-Adresse zu richten: privacy@wegreenit.it<\/span><\/p><p><br \/><br \/><\/p>\t\t\t\t\t\t\t\t<\/div>\n\t\t\t\t<\/div>\n\t\t\t\t\t<\/div>\n\t\t\t\t<\/div>\n\t\t<div class=\"elementor-element elementor-element-2773d0a3 e-flex e-con-boxed e-con e-parent\" data-id=\"2773d0a3\" data-element_type=\"container\" data-e-type=\"container\" data-settings=\"{&quot;background_background&quot;:&quot;classic&quot;}\">\n\t\t\t\t\t<div class=\"e-con-inner\">\n\t\t<div class=\"elementor-element elementor-element-532b8fff e-con-full e-flex e-con e-child\" data-id=\"532b8fff\" data-element_type=\"container\" data-e-type=\"container\">\n\t\t\t\t<div class=\"elementor-element elementor-element-4ad4fe08 animated-slow elementor-invisible elementor-widget elementor-widget-heading\" data-id=\"4ad4fe08\" data-element_type=\"widget\" data-e-type=\"widget\" data-settings=\"{&quot;_animation&quot;:&quot;fadeIn&quot;,&quot;_animation_delay&quot;:300}\" data-widget_type=\"heading.default\">\n\t\t\t\t<div class=\"elementor-widget-container\">\n\t\t\t\t\t<h2 class=\"elementor-heading-title elementor-size-default\">Contattaci<\/h2>\t\t\t\t<\/div>\n\t\t\t\t<\/div>\n\t\t\t\t<div class=\"elementor-element elementor-element-344c3f72 animated-slow elementor-invisible elementor-widget elementor-widget-text-editor\" data-id=\"344c3f72\" data-element_type=\"widget\" data-e-type=\"widget\" data-settings=\"{&quot;_animation&quot;:&quot;fadeIn&quot;,&quot;_animation_delay&quot;:600}\" data-widget_type=\"text-editor.default\">\n\t\t\t\t<div class=\"elementor-widget-container\">\n\t\t\t\t\t\t\t\t\t<div class=\"wpb_text_column wpb_content_element \"><div class=\"wpb_wrapper\"><p>Puoi contattare gli uffici di\u00a0<strong>Wegreenit<\/strong> utilizzando i recapiti che trovi nella pagina contattaci.<\/p><\/div><\/div>\t\t\t\t\t\t\t\t<\/div>\n\t\t\t\t<\/div>\n\t\t\t\t<div class=\"elementor-element elementor-element-64f04380 animated-slow elementor-invisible elementor-widget elementor-widget-button\" data-id=\"64f04380\" data-element_type=\"widget\" data-e-type=\"widget\" data-settings=\"{&quot;_animation&quot;:&quot;fadeIn&quot;,&quot;_animation_delay&quot;:900}\" data-widget_type=\"button.default\">\n\t\t\t\t<div class=\"elementor-widget-container\">\n\t\t\t\t\t\t\t\t\t<div class=\"elementor-button-wrapper\">\n\t\t\t\t\t<a class=\"elementor-button elementor-button-link elementor-size-sm\" href=\"https:\/\/wegreenitgroup.com\/contattaci\/\">\n\t\t\t\t\t\t<span class=\"elementor-button-content-wrapper\">\n\t\t\t\t\t\t<span class=\"elementor-button-icon\">\n\t\t\t\t<svg xmlns=\"http:\/\/www.w3.org\/2000\/svg\" width=\"15\" height=\"14\" viewBox=\"0 0 15 14\" fill=\"none\"><path d=\"M0 6.89478L14 6.89478\" stroke=\"white\"><\/path><path d=\"M8.10526 1L14 6.89474L8.10526 12.7895\" stroke=\"white\"><\/path><\/svg>\t\t\t<\/span>\n\t\t\t\t\t\t\t\t\t<span class=\"elementor-button-text\">scopri<\/span>\n\t\t\t\t\t<\/span>\n\t\t\t\t\t<\/a>\n\t\t\t\t<\/div>\n\t\t\t\t\t\t\t\t<\/div>\n\t\t\t\t<\/div>\n\t\t\t\t<\/div>\n\t\t<div class=\"elementor-element elementor-element-2657e278 e-con-full e-flex e-con e-child\" data-id=\"2657e278\" data-element_type=\"container\" data-e-type=\"container\">\n\t\t\t\t<\/div>\n\t\t\t\t\t<\/div>\n\t\t\t\t<\/div>\n\t\t\t\t<\/div>\n\t\t","protected":false},"excerpt":{"rendered":"<p>\u00a0 Verantwortlicher f\u00fcr die Verarbeitung Gem\u00e4\u00df den Art. 4 und 24 der EU-Verordnung Nr. 2016\/679 (nachfolgend \u201eDSGVO\u201c) ist der Verantwortliche f\u00fcr die Verarbeitung Wegreenit S.p.A., mit Sitz in Piazzale Loreto 17, 20131 Mailand (MI), Italien (nachfolgend \u201eWegreenit\u201c oder die \u201eGesellschaft\u201c), vertreten durch den gesetzlichen Vertreter pro tempore. \u00a0 Gegenstand der Verarbeitung Diese Information (zusammen mit [&hellip;]<\/p>\n","protected":false},"author":1,"featured_media":0,"parent":0,"menu_order":0,"comment_status":"closed","ping_status":"closed","template":"","meta":{"_acf_changed":false,"footnotes":""},"class_list":["post-28038","page","type-page","status-publish","hentry"],"acf":[],"_links":{"self":[{"href":"https:\/\/wegreenitgroup.com\/de\/wp-json\/wp\/v2\/pages\/28038","targetHints":{"allow":["GET"]}}],"collection":[{"href":"https:\/\/wegreenitgroup.com\/de\/wp-json\/wp\/v2\/pages"}],"about":[{"href":"https:\/\/wegreenitgroup.com\/de\/wp-json\/wp\/v2\/types\/page"}],"author":[{"embeddable":true,"href":"https:\/\/wegreenitgroup.com\/de\/wp-json\/wp\/v2\/users\/1"}],"replies":[{"embeddable":true,"href":"https:\/\/wegreenitgroup.com\/de\/wp-json\/wp\/v2\/comments?post=28038"}],"version-history":[{"count":6,"href":"https:\/\/wegreenitgroup.com\/de\/wp-json\/wp\/v2\/pages\/28038\/revisions"}],"predecessor-version":[{"id":28065,"href":"https:\/\/wegreenitgroup.com\/de\/wp-json\/wp\/v2\/pages\/28038\/revisions\/28065"}],"wp:attachment":[{"href":"https:\/\/wegreenitgroup.com\/de\/wp-json\/wp\/v2\/media?parent=28038"}],"curies":[{"name":"wp","href":"https:\/\/api.w.org\/{rel}","templated":true}]}}